{"id":467,"date":"2024-07-18T05:15:17","date_gmt":"2024-07-18T05:15:17","guid":{"rendered":"https:\/\/hotel-uhland.de\/impressum\/"},"modified":"2025-12-20T18:14:44","modified_gmt":"2025-12-20T18:14:44","slug":"legal-notice","status":"publish","type":"page","link":"https:\/\/hotel-uhland.de\/en\/legal-notice\/","title":{"rendered":"Legal notice"},"content":{"rendered":"<div id='av_section_1'  class='avia-section av-a8hui-a22cdd78add2d83f56618ba8944c3a03 main_color avia-section-default avia-no-border-styling  avia-builder-el-0  el_before_av_section  avia-builder-el-first  avia-bg-style-scroll container_wrap fullsize'  ><div class='container av-section-cont-open' ><main  role=\"main\" itemprop=\"mainContentOfPage\"  class='template-page content  av-content-full alpha units'><div class='post-entry post-entry-type-page post-entry-467'><div class='entry-content-wrapper clearfix'>\n\n<style type=\"text\/css\" data-created_by=\"avia_inline_auto\" id=\"style-css-av-9mbme-57a903902c9be73cf88d8430d76c0808\">\n#top .hr.hr-invisible.av-9mbme-57a903902c9be73cf88d8430d76c0808{\nheight:50px;\n}\n<\/style>\n<div  class='hr av-9mbme-57a903902c9be73cf88d8430d76c0808 hr-invisible  avia-builder-el-1  el_before_av_heading  avia-builder-el-first '><span class='hr-inner '><span class=\"hr-inner-style\"><\/span><\/span><\/div>\n\n<style type=\"text\/css\" data-created_by=\"avia_inline_auto\" id=\"style-css-av-xa6e-752fd541c8d54ba8cd255e204decd8fd\">\n#top .av-special-heading.av-xa6e-752fd541c8d54ba8cd255e204decd8fd{\npadding-bottom:10px;\n}\nbody .av-special-heading.av-xa6e-752fd541c8d54ba8cd255e204decd8fd .av-special-heading-tag .heading-char{\nfont-size:25px;\n}\n.av-special-heading.av-xa6e-752fd541c8d54ba8cd255e204decd8fd .av-subheading{\nfont-size:15px;\n}\n<\/style>\n<div  class='av-special-heading av-xa6e-752fd541c8d54ba8cd255e204decd8fd av-special-heading-h1 custom-color-heading blockquote modern-quote  avia-builder-el-2  el_after_av_hr  el_before_av_heading '><h1 class='av-special-heading-tag '  itemprop=\"headline\"  > Legal Notice \u00b7 Hotel Uhland<\/h1><div class=\"special-heading-border\"><div class=\"special-heading-inner-border\"><\/div><\/div><\/div>\n\n<style type=\"text\/css\" data-created_by=\"avia_inline_auto\" id=\"style-css-av-8jwae-f0baefbb43d30a7589cfe8db2ae291c3\">\n#top .av-special-heading.av-8jwae-f0baefbb43d30a7589cfe8db2ae291c3{\npadding-bottom:10px;\n}\nbody .av-special-heading.av-8jwae-f0baefbb43d30a7589cfe8db2ae291c3 .av-special-heading-tag .heading-char{\nfont-size:25px;\n}\n.av-special-heading.av-8jwae-f0baefbb43d30a7589cfe8db2ae291c3 .av-subheading{\nfont-size:15px;\n}\n<\/style>\n<div  class='av-special-heading av-8jwae-f0baefbb43d30a7589cfe8db2ae291c3 av-special-heading-h2 custom-color-heading blockquote modern-quote  avia-builder-el-3  el_after_av_heading  el_before_av_hr '><h2 class='av-special-heading-tag '  itemprop=\"headline\"  > Legal Notice<\/h2><div class=\"special-heading-border\"><div class=\"special-heading-inner-border\"><\/div><\/div><\/div>\n\n<style type=\"text\/css\" data-created_by=\"avia_inline_auto\" id=\"style-css-av-89ody-749dc9d43ba542045c12583d94854508\">\n#top .hr.hr-invisible.av-89ody-749dc9d43ba542045c12583d94854508{\nheight:30px;\n}\n<\/style>\n<div  class='hr av-89ody-749dc9d43ba542045c12583d94854508 hr-invisible  avia-builder-el-4  el_after_av_heading  el_before_av_textblock '><span class='hr-inner '><span class=\"hr-inner-style\"><\/span><\/span><\/div>\n<section  class='av_textblock_section av-lzpkej4m-5df183b785d3a3caa2430dcabf2ec71d '   itemscope=\"itemscope\" itemtype=\"https:\/\/schema.org\/CreativeWork\" ><div class='avia_textblock'  itemprop=\"text\" ><p><strong>The Legal Notice also applies to the following social media profile:<\/strong><\/p>\n<p>Instagram: <a href=\"https:\/\/www.instagram.com\/hotel_uhland089\/\" target=\"_blank\" rel=\"noopener\">hotel_uhland089<\/a><\/p>\n<\/div><\/section>\n\n<style type=\"text\/css\" data-created_by=\"avia_inline_auto\" id=\"style-css-av-zod6-e7970e9eaedd0e85dc52cf0a2d660f71\">\n#top .hr.hr-invisible.av-zod6-e7970e9eaedd0e85dc52cf0a2d660f71{\nheight:50px;\n}\n<\/style>\n<div  class='hr av-zod6-e7970e9eaedd0e85dc52cf0a2d660f71 hr-invisible  avia-builder-el-6  el_after_av_textblock  el_before_av_three_fourth '><span class='hr-inner '><span class=\"hr-inner-style\"><\/span><\/span><\/div>\n<div  class='flex_column av-7ly56-01db488d3d86e1d1673d73faad3e7dc3 av_three_fourth  avia-builder-el-7  el_after_av_hr  el_before_av_one_fourth  first flex_column_div  '     ><section  class='av_textblock_section av-lzpev4hu-7193437827a7aa7761738c34e1c6a3c3 '   itemscope=\"itemscope\" itemtype=\"https:\/\/schema.org\/CreativeWork\" ><div class='avia_textblock'  itemprop=\"text\" ><h3><span style=\"color: #7186bf;\">Hotel Uhland<\/span><\/h3>\n<p><strong>Hotel Uhland Betrieb GmbH<\/strong><br \/>\nUhlandstra\u00dfe 1<br \/>\n80336 M\u00fcnchen<br \/>\nGermany<\/p>\n<p><strong>Represented by<br \/>\n<\/strong>Michael Schottenhamel<\/p>\n<h3>Contact<\/h3>\n<p>Phone: +49 89 543 35 0<br \/>\nE-mail: <a href=\"mailto:info@hotel-uhland.de\">info@hotel-uhland.de<\/a><\/p>\n<h3>Register entry<\/h3>\n<p>Entry in the commercial register. Register court: Munich<br \/>\nRegister number: HRB 236140<\/p>\n<h3>VAT ID<\/h3>\n<p>Sales tax identification number according to \u00a7 27 a of the Sales Tax Law: USt.ID: DE314434748<\/p>\n<h3>Supervisory Authority<\/h3>\n<p>Kreisverwaltungsreferat der Landeshauptstadt M\u00fcnchen<br \/>\nHauptabteilung I, Bezirksinspektion S\u00fcd, Implerstra\u00dfe 9, D-80337 M\u00fcnchen<br \/>\n<a href=\"https:\/\/www.muenchen.de\/rathaus\/Stadtverwaltung\/Kreisverwaltungsreferat.html\" target=\"_blank\" rel=\"noopener\">https:\/\/www.muenchen.de\/rathaus\/Stadtverwaltung\/Kreisverwaltungsreferat.html<\/a><\/p>\n<h3>Professional Indemnity Insurance Information<\/h3>\n<p>Name and registered office of insurer: Haftplichtversicherung des Deutschen Hotel- und Gastst\u00e4ttengewerbes \u2013 VVaG<br \/>\nHaftpflichtkasse Darmstadt, Arheilger Weg 5, 64380 Ro\u00dfdorf<br \/>\nGeltungsraum der Versicherung: Deutschland<\/p>\n<h3>Responsible for content<\/h3>\n<p>Michael\u00a0 Schottenhamel<\/p>\n<h3>Consumer dispute resolution\/universal arbitration board<\/h3>\n<p>We are not willing or obliged to participate in dispute resolution proceedings before a consumer arbitration board.<\/p>\n<p><br class=\"avia-permanent-lb\" \/>Source: <a href=\"https:\/\/www.e-recht24.de\/impressum-generator.html\" target=\"_blank\" rel=\"noopener\">eRecht24<\/a><\/p>\n<\/div><\/section><\/div><div  class='flex_column av-6y16q-45cb4f2478db3d8711bf4f2e81c4874e av_one_fourth  avia-builder-el-9  el_after_av_three_fourth  avia-builder-el-last  flex_column_div  '     ><\/div><\/div><\/div><\/main><!-- close content main element --><\/div><\/div><div id='av_section_2'  class='avia-section av-640jy-1b03e0bc69d4aea977c6907eb1a6e733 main_color avia-section-default avia-no-border-styling  avia-builder-el-10  el_after_av_section  el_before_av_section  avia-bg-style-scroll container_wrap fullsize'  ><div class='container av-section-cont-open' ><div class='template-page content  av-content-full alpha units'><div class='post-entry post-entry-type-page post-entry-467'><div class='entry-content-wrapper clearfix'>\n\n<style type=\"text\/css\" data-created_by=\"avia_inline_auto\" id=\"style-css-av-5ubei-9d6235bb00ee75fc77d285e27680d5f7\">\n#top .av-special-heading.av-5ubei-9d6235bb00ee75fc77d285e27680d5f7{\npadding-bottom:10px;\nfont-size:30px;\n}\nbody .av-special-heading.av-5ubei-9d6235bb00ee75fc77d285e27680d5f7 .av-special-heading-tag .heading-char{\nfont-size:25px;\n}\n#top #wrap_all .av-special-heading.av-5ubei-9d6235bb00ee75fc77d285e27680d5f7 .av-special-heading-tag{\nfont-size:30px;\n}\n.av-special-heading.av-5ubei-9d6235bb00ee75fc77d285e27680d5f7 .av-subheading{\nfont-size:15px;\n}\n\n@media only screen and (min-width: 480px) and (max-width: 767px){ \n#top #wrap_all .av-special-heading.av-5ubei-9d6235bb00ee75fc77d285e27680d5f7 .av-special-heading-tag{\nfont-size:0.8em;\n}\n}\n\n@media only screen and (max-width: 479px){ \n#top #wrap_all .av-special-heading.av-5ubei-9d6235bb00ee75fc77d285e27680d5f7 .av-special-heading-tag{\nfont-size:0.8em;\n}\n}\n<\/style>\n<div  class='av-special-heading av-5ubei-9d6235bb00ee75fc77d285e27680d5f7 av-special-heading-h2 blockquote modern-quote  avia-builder-el-11  el_before_av_textblock  avia-builder-el-first  av-inherit-size'><h2 class='av-special-heading-tag '  itemprop=\"headline\"  >Webdesign<\/h2><div class=\"special-heading-border\"><div class=\"special-heading-inner-border\"><\/div><\/div><\/div>\n<section  class='av_textblock_section av-588f2-864fff11a80e3eb39a11abb8b1393fbc '   itemscope=\"itemscope\" itemtype=\"https:\/\/schema.org\/CreativeWork\" ><div class='avia_textblock'  itemprop=\"text\" ><p>Website . Design und technische Umsetzung: <a href=\"https:\/\/design.osmosis.de\/\" target=\"_blank\" rel=\"noopener\">design.osmosis | Diana Steib<\/a><\/p>\n<\/div><\/section>\n<\/p>\n<\/div><\/div><\/div><!-- close content main div --><\/div><\/div><div id='av_section_3'  class='avia-section av-4i4am-c3d5bd45937081d3f944ecd2c3a111dd main_color avia-section-default avia-no-border-styling  avia-builder-el-13  el_after_av_section  avia-builder-el-last  avia-bg-style-scroll container_wrap fullsize'  ><div class='container av-section-cont-open' ><div class='template-page content  av-content-full alpha units'><div class='post-entry post-entry-type-page post-entry-467'><div class='entry-content-wrapper clearfix'>\n\n<style type=\"text\/css\" data-created_by=\"avia_inline_auto\" id=\"style-css-av-3x2vy-29889217cf76c30b0a2755a6614d024f\">\n#top .av-special-heading.av-3x2vy-29889217cf76c30b0a2755a6614d024f{\npadding-bottom:10px;\nfont-size:30px;\n}\nbody .av-special-heading.av-3x2vy-29889217cf76c30b0a2755a6614d024f .av-special-heading-tag .heading-char{\nfont-size:25px;\n}\n#top #wrap_all .av-special-heading.av-3x2vy-29889217cf76c30b0a2755a6614d024f .av-special-heading-tag{\nfont-size:30px;\n}\n.av-special-heading.av-3x2vy-29889217cf76c30b0a2755a6614d024f .av-subheading{\nfont-size:15px;\n}\n\n@media only screen and (min-width: 480px) and (max-width: 767px){ \n#top #wrap_all .av-special-heading.av-3x2vy-29889217cf76c30b0a2755a6614d024f .av-special-heading-tag{\nfont-size:0.8em;\n}\n}\n\n@media only screen and (max-width: 479px){ \n#top #wrap_all .av-special-heading.av-3x2vy-29889217cf76c30b0a2755a6614d024f .av-special-heading-tag{\nfont-size:0.8em;\n}\n}\n<\/style>\n<div  class='av-special-heading av-3x2vy-29889217cf76c30b0a2755a6614d024f av-special-heading-h2 blockquote modern-quote  avia-builder-el-14  el_before_av_three_fourth  avia-builder-el-first  av-inherit-size'><h2 class='av-special-heading-tag '  itemprop=\"headline\"  >Bildnachweis<\/h2><div class=\"special-heading-border\"><div class=\"special-heading-inner-border\"><\/div><\/div><\/div>\n<div  class='flex_column av-3702q-207d96e593c1dbc88731258253fb40d7 av_three_fourth  avia-builder-el-15  el_after_av_heading  el_before_av_one_fourth  first flex_column_div  '     ><section  class='av_textblock_section av-2qcoy-d5b89d73ef753c96798515db81341f71 '   itemscope=\"itemscope\" itemtype=\"https:\/\/schema.org\/CreativeWork\" ><div class='avia_textblock'  itemprop=\"text\" ><p>Fotos \u201aHotel Uhland | Superior-Zimmer\u2018 | Fr\u00fchst\u00fcck\u2018: \u00a9 Christine Dempf \/ www.christine-dempf.de \/ https:\/\/hotel-uhland.de\/*<\/p>\n<p style=\"font-size: 11px; line-height: 1.2em;\">Film \u201aMunich in a bird&#8217;s-eye view. The Marienplatz square.\u2019: \u00a9 Bulat \/ stock.adobe.com \/ https:\/\/hotel-uhland.de\/<br \/>\nBild \u201aAussicht \u00fcber M\u00fcnchen mit Frauenkirche und Rathaus\u2019: \u00a9 Rockafox \/ stock.adobe.com \/ https:\/\/hotel-uhland.de\/<br \/>\nBild \u201aPetra F\u00fcrst\u2019: \u00a9 Petra \/ stock.adobe.com \/ https:\/\/hotel-uhland.de\/<br \/>\nBild \u201asiegestor in munich\u2019: \u00a9 fottoo \/ stock.adobe.com \/ https:\/\/hotel-uhland.de\/<br \/>\nBild \u201aDie Bavaria mit Ruhmeshalle an der M\u00fcnchner Theresienwies\u2019: \u00a9 pwmotion \/ stock.adobe.com \/ https:\/\/hotel-uhland.de\/<br \/>\nBild \u201aTables of a cafe decorated for Christmas\u2018: \u00a9 Rockafox \/ stock.adobe.com \/ https:\/\/hotel-uhland.de\/<br \/>\nBild \u201aMinimalist Interior of modern living room 3D rendering, generative ai\u2019: \u00a9 Generiert mit KI \/ stock.adobe.com \/ https:\/\/hotel-uhland.de\/<br \/>\nBild \u201aBeautiful ballerina dancing in the body color ballet leotard with body color cloth\u2019: \u00a9 ViDi Studio \/ stock.adobe.com \/https:\/\/hotel-uhland.de\/<br \/>\nBild \u201aColouring landscape of Munich\u2019: \u00a9 Danielle \/ stock.adobe.com \/ https:\/\/hotel-uhland.de\/<br \/>\nBild \u201aVektor Stadtplan von M\u00fcnchen\u2019: \u00a9 Christian Pauschert \/ stock.adobe.com \/ https:\/\/hotel-uhland.de\/<br \/>\nBild \u201aCelebrating hold air balloons gift certificate\u2019: \u00a9 ViDi Studio \/ stock.adobe.com \/ https:\/\/hotel-uhland.de\/<br \/>\nBild \u201aBlick auf Geb\u00e4ude\u2018: \u00a9 Jan Antonin Kolar \/ unsplash.com \/\u00a0 https:\/\/hotel-uhland.de\/<br \/>\nBild \u201aBMW Welt\u2018: \u00a9 Pavel S \/ unsplash.com \/\u00a0 https:\/\/hotel-uhland.de\/<br \/>\nBild \u201aOlympiapark\u2018: \u00a9 Peri Stojnic \/ unsplash.com \/\u00a0 https:\/\/hotel-uhland.de\/<br \/>\nBild \u201aKarussell\u2018: \u00a9Peri Stojnic \/ unsplash.com \/\u00a0 https:\/\/hotel-uhland.de\/<br \/>\nBild \u201aEnglischer Garten M\u00fcnchen\u2018: \u00a9 Ignacio Brosa \/ unsplash.com \/\u00a0 https:\/\/hotel-uhland.de\/<br \/>\nBild \u201aM\u00fcnchen &#8211; K\u00f6nigsplatz\u2018: \u00a9 Ignacio Brosa \/ unsplash.com \/\u00a0 https:\/\/hotel-uhland.de\/<br \/>\nBild \u201awei\u00dfe Keramikplatte neben grauem Stahll\u00f6ffel\u2018: \u00a9 Brooke Lark \/ unsplash.com\u2018 \/ https:\/\/hotel-uhland.de\/<br \/>\nBild \u201aSandwich auf wei\u00dfer Keramikplatte\u2018: \u00a9 Florencia Potter \/ unsplash.com\u2018 \/ https:\/\/hotel-uhland.de\/<br \/>\nBild \u201aLuftaufnahme einer Stadt mit Glockenturm\u2018: \u00a9 Ilia Bronskiy \/ unsplash.com\u2018 \/ https:\/\/hotel-uhland.de\/<br \/>\nBild \u201aeine Statue vor einem Geb\u00e4ude mit einem Glockenturm im Hintergrund\u2018: \u00a9 Ilia Bronskiy \/ unsplash.com\u2018 \/ https:\/\/hotel-uhland.de\/<br \/>\nBild \u201awei\u00dfer Umschlag und grauer Bleistift auf wei\u00dfem Panel\u2018: \u00a9 Joanna Kosinska \/ unsplash.com\u2018 \/ https:\/\/hotel-uhland.de\/<br \/>\nBild \u201aBrot mit Kaffee und Getr\u00e4nken\u2018: \u00a9 Jo\u00e3o Marcelo Martins \/ unsplash.com\u2018 \/ https:\/\/hotel-uhland.de\/<br \/>\nBild \u201aSelektives Fokusfoto von roter Keramikteekanne\u2018: \u00a9 Jorge Garcia \/ unsplash.com\u2018 \/ https:\/\/hotel-uhland.de\/<br \/>\nBild \u201aFoto des Geb\u00e4udekonzepts \/ Allianz Arena \u2018: \u00a9 Kostya Golinchenko \/ unsplash.com\u2018 \/ https:\/\/hotel-uhland.de\/<br \/>\nBild \u201aSelektive Fokusfotografie rosa Blumen\u2018: \u00a9 Masaaki Komori \/ unsplash.com\u2018 \/ https:\/\/hotel-uhland.de\/<br \/>\nBild \u201aText\u2018: \u00a9 takwa abdo \/ unsplash.com\u2018 \/ https:\/\/hotel-uhland.de\/<br \/>\nBild \u201abraunes und wei\u00dfes Essen im Klarglasglas\u2018: \u00a9 Yulia Khlebnikova \/ unsplash.com\u2018 \/ https:\/\/hotel-uhland.de\/<\/p>\n<\/div><\/section><\/div><div  class='flex_column av-25bim-46c4198120cd0edcd18ae22baf3b5be0 av_one_fourth  avia-builder-el-17  el_after_av_three_fourth  el_before_av_hr  flex_column_div  '     ><\/div>\n<style type=\"text\/css\" data-created_by=\"avia_inline_auto\" id=\"style-css-av-1bfii-4b260ae69e445b0ab3e6502f6f042690\">\n#top .hr.hr-invisible.av-1bfii-4b260ae69e445b0ab3e6502f6f042690{\nheight:50px;\n}\n<\/style>\n<div  class='hr av-1bfii-4b260ae69e445b0ab3e6502f6f042690 hr-invisible  avia-builder-el-18  el_after_av_one_fourth  el_before_av_hr '><span class='hr-inner '><span class=\"hr-inner-style\"><\/span><\/span><\/div>\n\n<style type=\"text\/css\" data-created_by=\"avia_inline_auto\" id=\"style-css-av-u3d2-cbacba395484269a04a53cc9765c2330\">\n#top .hr.hr-invisible.av-u3d2-cbacba395484269a04a53cc9765c2330{\nheight:50px;\n}\n<\/style>\n<div  class='hr av-u3d2-cbacba395484269a04a53cc9765c2330 hr-invisible  avia-builder-el-19  el_after_av_hr  avia-builder-el-last '><span class='hr-inner '><span class=\"hr-inner-style\"><\/span><\/span><\/div>\n\n","protected":false},"excerpt":{"rendered":"","protected":false},"author":1,"featured_media":0,"parent":0,"menu_order":20,"comment_status":"closed","ping_status":"closed","template":"","meta":{"footnotes":""},"class_list":["post-467","page","type-page","status-publish","hentry"],"yoast_head":"<!-- This site is optimized with the Yoast SEO plugin v26.6 - https:\/\/yoast.com\/wordpress\/plugins\/seo\/ -->\n<title>Hotel Uhland \u00b7 Legal Notice<\/title>\n<meta name=\"robots\" content=\"index, follow, max-snippet:-1, max-image-preview:large, max-video-preview:-1\" \/>\n<link rel=\"canonical\" href=\"https:\/\/hotel-uhland.de\/en\/legal-notice\/\" \/>\n<meta property=\"og:locale\" content=\"en_US\" \/>\n<meta property=\"og:type\" content=\"article\" \/>\n<meta property=\"og:title\" content=\"Hotel Uhland \u00b7 Legal Notice\" \/>\n<meta property=\"og:url\" content=\"https:\/\/hotel-uhland.de\/en\/legal-notice\/\" \/>\n<meta property=\"og:site_name\" content=\"Hotel Uhland M\u00fcnchen\" \/>\n<meta property=\"article:modified_time\" content=\"2025-12-20T18:14:44+00:00\" \/>\n<meta name=\"twitter:card\" content=\"summary_large_image\" \/>\n<meta name=\"twitter:label1\" content=\"Est. reading time\" \/>\n\t<meta name=\"twitter:data1\" content=\"4 minutes\" \/>\n<script type=\"application\/ld+json\" class=\"yoast-schema-graph\">{\"@context\":\"https:\/\/schema.org\",\"@graph\":[{\"@type\":\"WebPage\",\"@id\":\"https:\/\/hotel-uhland.de\/en\/legal-notice\/\",\"url\":\"https:\/\/hotel-uhland.de\/en\/legal-notice\/\",\"name\":\"Hotel Uhland \u00b7 Legal Notice\",\"isPartOf\":{\"@id\":\"https:\/\/hotel-uhland.de\/en\/#website\"},\"datePublished\":\"2024-07-18T05:15:17+00:00\",\"dateModified\":\"2025-12-20T18:14:44+00:00\",\"breadcrumb\":{\"@id\":\"https:\/\/hotel-uhland.de\/en\/legal-notice\/#breadcrumb\"},\"inLanguage\":\"en-US\",\"potentialAction\":[{\"@type\":\"ReadAction\",\"target\":[\"https:\/\/hotel-uhland.de\/en\/legal-notice\/\"]}]},{\"@type\":\"BreadcrumbList\",\"@id\":\"https:\/\/hotel-uhland.de\/en\/legal-notice\/#breadcrumb\",\"itemListElement\":[{\"@type\":\"ListItem\",\"position\":1,\"name\":\"Startseite\",\"item\":\"https:\/\/hotel-uhland.de\/en\/home\/\"},{\"@type\":\"ListItem\",\"position\":2,\"name\":\"Legal notice\"}]},{\"@type\":\"WebSite\",\"@id\":\"https:\/\/hotel-uhland.de\/en\/#website\",\"url\":\"https:\/\/hotel-uhland.de\/en\/\",\"name\":\"Hotel Uhland M\u00fcnchen\",\"description\":\"Boutique Hotel \u00b7 City Centre Munich\",\"publisher\":{\"@id\":\"https:\/\/hotel-uhland.de\/en\/#organization\"},\"alternateName\":\"Jugendstil Hotel M\u00fcnchen\",\"potentialAction\":[{\"@type\":\"SearchAction\",\"target\":{\"@type\":\"EntryPoint\",\"urlTemplate\":\"https:\/\/hotel-uhland.de\/en\/?s={search_term_string}\"},\"query-input\":{\"@type\":\"PropertyValueSpecification\",\"valueRequired\":true,\"valueName\":\"search_term_string\"}}],\"inLanguage\":\"en-US\"},{\"@type\":\"Organization\",\"@id\":\"https:\/\/hotel-uhland.de\/en\/#organization\",\"name\":\"Hotel Uhland M\u00fcnchen\",\"url\":\"https:\/\/hotel-uhland.de\/en\/\",\"logo\":{\"@type\":\"ImageObject\",\"inLanguage\":\"en-US\",\"@id\":\"https:\/\/hotel-uhland.de\/en\/#\/schema\/logo\/image\/\",\"url\":\"https:\/\/hotel-uhland.de\/wp-content\/uploads\/2024\/08\/Logo_Hotel-Uhland-WEB-bordeuax.png\",\"contentUrl\":\"https:\/\/hotel-uhland.de\/wp-content\/uploads\/2024\/08\/Logo_Hotel-Uhland-WEB-bordeuax.png\",\"width\":728,\"height\":294,\"caption\":\"Hotel Uhland M\u00fcnchen\"},\"image\":{\"@id\":\"https:\/\/hotel-uhland.de\/en\/#\/schema\/logo\/image\/\"},\"sameAs\":[\"https:\/\/www.instagram.com\/hotel_uhland089\/\"]}]}<\/script>\n<!-- \/ Yoast SEO plugin. -->","yoast_head_json":{"title":"Hotel Uhland \u00b7 Legal Notice","robots":{"index":"index","follow":"follow","max-snippet":"max-snippet:-1","max-image-preview":"max-image-preview:large","max-video-preview":"max-video-preview:-1"},"canonical":"https:\/\/hotel-uhland.de\/en\/legal-notice\/","og_locale":"en_US","og_type":"article","og_title":"Hotel Uhland \u00b7 Legal Notice","og_url":"https:\/\/hotel-uhland.de\/en\/legal-notice\/","og_site_name":"Hotel Uhland M\u00fcnchen","article_modified_time":"2025-12-20T18:14:44+00:00","twitter_card":"summary_large_image","twitter_misc":{"Est. reading time":"4 minutes"},"schema":{"@context":"https:\/\/schema.org","@graph":[{"@type":"WebPage","@id":"https:\/\/hotel-uhland.de\/en\/legal-notice\/","url":"https:\/\/hotel-uhland.de\/en\/legal-notice\/","name":"Hotel Uhland \u00b7 Legal Notice","isPartOf":{"@id":"https:\/\/hotel-uhland.de\/en\/#website"},"datePublished":"2024-07-18T05:15:17+00:00","dateModified":"2025-12-20T18:14:44+00:00","breadcrumb":{"@id":"https:\/\/hotel-uhland.de\/en\/legal-notice\/#breadcrumb"},"inLanguage":"en-US","potentialAction":[{"@type":"ReadAction","target":["https:\/\/hotel-uhland.de\/en\/legal-notice\/"]}]},{"@type":"BreadcrumbList","@id":"https:\/\/hotel-uhland.de\/en\/legal-notice\/#breadcrumb","itemListElement":[{"@type":"ListItem","position":1,"name":"Startseite","item":"https:\/\/hotel-uhland.de\/en\/home\/"},{"@type":"ListItem","position":2,"name":"Legal notice"}]},{"@type":"WebSite","@id":"https:\/\/hotel-uhland.de\/en\/#website","url":"https:\/\/hotel-uhland.de\/en\/","name":"Hotel Uhland M\u00fcnchen","description":"Boutique Hotel \u00b7 City Centre Munich","publisher":{"@id":"https:\/\/hotel-uhland.de\/en\/#organization"},"alternateName":"Jugendstil Hotel M\u00fcnchen","potentialAction":[{"@type":"SearchAction","target":{"@type":"EntryPoint","urlTemplate":"https:\/\/hotel-uhland.de\/en\/?s={search_term_string}"},"query-input":{"@type":"PropertyValueSpecification","valueRequired":true,"valueName":"search_term_string"}}],"inLanguage":"en-US"},{"@type":"Organization","@id":"https:\/\/hotel-uhland.de\/en\/#organization","name":"Hotel Uhland M\u00fcnchen","url":"https:\/\/hotel-uhland.de\/en\/","logo":{"@type":"ImageObject","inLanguage":"en-US","@id":"https:\/\/hotel-uhland.de\/en\/#\/schema\/logo\/image\/","url":"https:\/\/hotel-uhland.de\/wp-content\/uploads\/2024\/08\/Logo_Hotel-Uhland-WEB-bordeuax.png","contentUrl":"https:\/\/hotel-uhland.de\/wp-content\/uploads\/2024\/08\/Logo_Hotel-Uhland-WEB-bordeuax.png","width":728,"height":294,"caption":"Hotel Uhland M\u00fcnchen"},"image":{"@id":"https:\/\/hotel-uhland.de\/en\/#\/schema\/logo\/image\/"},"sameAs":["https:\/\/www.instagram.com\/hotel_uhland089\/"]}]}},"_links":{"self":[{"href":"https:\/\/hotel-uhland.de\/en\/wp-json\/wp\/v2\/pages\/467","targetHints":{"allow":["GET"]}}],"collection":[{"href":"https:\/\/hotel-uhland.de\/en\/wp-json\/wp\/v2\/pages"}],"about":[{"href":"https:\/\/hotel-uhland.de\/en\/wp-json\/wp\/v2\/types\/page"}],"author":[{"embeddable":true,"href":"https:\/\/hotel-uhland.de\/en\/wp-json\/wp\/v2\/users\/1"}],"replies":[{"embeddable":true,"href":"https:\/\/hotel-uhland.de\/en\/wp-json\/wp\/v2\/comments?post=467"}],"version-history":[{"count":1,"href":"https:\/\/hotel-uhland.de\/en\/wp-json\/wp\/v2\/pages\/467\/revisions"}],"predecessor-version":[{"id":928,"href":"https:\/\/hotel-uhland.de\/en\/wp-json\/wp\/v2\/pages\/467\/revisions\/928"}],"wp:attachment":[{"href":"https:\/\/hotel-uhland.de\/en\/wp-json\/wp\/v2\/media?parent=467"}],"curies":[{"name":"wp","href":"https:\/\/api.w.org\/{rel}","templated":true}]}}